{"id":90,"date":"2018-08-13T11:21:38","date_gmt":"2018-08-13T09:21:38","guid":{"rendered":"http:\/\/k115.org\/?page_id=90"},"modified":"2018-09-18T20:55:00","modified_gmt":"2018-09-18T18:55:00","slug":"privacy-policy","status":"publish","type":"page","link":"http:\/\/k115.org\/en\/privacy-policy\/","title":{"rendered":"Nakl\u00e1d\u00e1n\u00ed s daty"},"content":{"rendered":"<p><strong>Kolektiv 115<\/strong> nesd\u00edl\u00ed va\u0161e \u00fadaje s \u017e\u00e1dnou t\u0159et\u00ed stranou.<\/p>\n<p>Diagnostick\u00e9 \u00fadaje generovan\u00e9 p\u0159i be\u017en\u00e9m provozu webserveru mohou obsahovat va\u0161i IP adresu. Tyto \u00fadaje jsou dostupn\u00e9 pouze administr\u00e1tor\u016fm serveru a jsou pravideln\u011b maz\u00e1ny.<\/p>\n<p>Informace o p\u0159\u00edstupu na tento web m\u016f\u017ee zaznamen\u00e1vat v\u00e1\u0161 \u010di n\u00e1\u0161 poskytovatel p\u0159ipojen\u00ed k internetu, st\u00e1t (a jeho represivn\u00ed slo\u017eky) nebo kdokoli mezi va\u0161\u00edm po\u010d\u00edta\u010dem a na\u0161\u00edm serverem.<\/p>\n<p>Pokud chcete p\u0159edej\u00edt sledov\u00e1n\u00ed, pou\u017e\u00edvejte VPN \u010di <a href=\"https:\/\/www.torproject.org\/\">TOR<\/a>. N\u00e1\u0161 web je p\u0159\u00edstupn\u00fd i jako <a href=\"https:\/\/www.torproject.org\/docs\/onion-services.html.en\">hidden service<\/a> na adrese yiudfmehpin56zep.onion<\/p>\n<p>Server, na kter\u00e9m je tento web hostov\u00e1n, se nach\u00e1z\u00ed v Nizozem\u00ed.<\/p>\n\n\n<p><\/p>\n","protected":false},"excerpt":{"rendered":"<p>Kolektiv 115 nesd\u00edl\u00ed va\u0161e \u00fadaje s \u017e\u00e1dnou t\u0159et\u00ed stranou. Diagnostick\u00e9 \u00fadaje generovan\u00e9 p\u0159i be\u017en\u00e9m provozu webserveru mohou obsahovat va\u0161i IP adresu. Tyto \u00fadaje jsou dostupn\u00e9 pouze administr\u00e1tor\u016fm serveru a jsou pravideln\u011b maz\u00e1ny. Informace o p\u0159\u00edstupu na tento web m\u016f\u017ee zaznamen\u00e1vat v\u00e1\u0161 \u010di n\u00e1\u0161 poskytovatel p\u0159ipojen\u00ed k internetu, st\u00e1t (a jeho represivn\u00ed slo\u017eky) nebo kdokoli mezi va\u0161\u00edm po\u010d\u00edta\u010dem a na\u0161\u00edm serverem. Pokud chcete p\u0159edej\u00edt sledov\u00e1n\u00ed, pou\u017e\u00edvejte VPN \u010di TOR. N\u00e1\u0161 web je p\u0159\u00edstupn\u00fd i jako hidden service na adrese yiudfmehpin56zep.onion Server, na kter\u00e9m je tento web hostov\u00e1n, se nach\u00e1z\u00ed v Nizozem\u00ed.<\/p>\n","protected":false},"author":2,"featured_media":0,"parent":0,"menu_order":0,"comment_status":"closed","ping_status":"closed","template":"","meta":[],"_links":{"self":[{"href":"http:\/\/k115.org\/en\/wp-json\/wp\/v2\/pages\/90"}],"collection":[{"href":"http:\/\/k115.org\/en\/wp-json\/wp\/v2\/pages"}],"about":[{"href":"http:\/\/k115.org\/en\/wp-json\/wp\/v2\/types\/page"}],"author":[{"embeddable":true,"href":"http:\/\/k115.org\/en\/wp-json\/wp\/v2\/users\/2"}],"replies":[{"embeddable":true,"href":"http:\/\/k115.org\/en\/wp-json\/wp\/v2\/comments?post=90"}],"version-history":[{"count":5,"href":"http:\/\/k115.org\/en\/wp-json\/wp\/v2\/pages\/90\/revisions"}],"predecessor-version":[{"id":174,"href":"http:\/\/k115.org\/en\/wp-json\/wp\/v2\/pages\/90\/revisions\/174"}],"wp:attachment":[{"href":"http:\/\/k115.org\/en\/wp-json\/wp\/v2\/media?parent=90"}],"curies":[{"name":"wp","href":"https:\/\/api.w.org\/{rel}","templated":true}]}}